{"id":10,"date":"2020-10-22T09:59:17","date_gmt":"2020-10-22T09:59:17","guid":{"rendered":"https:\/\/academycad.com\/index.php\/home-2\/"},"modified":"2022-04-20T03:30:47","modified_gmt":"2022-04-20T03:30:47","slug":"home-2","status":"publish","type":"page","link":"https:\/\/academycad.com\/","title":{"rendered":"Home"},"content":{"rendered":"\n<div class=\"wp-block-cover alignfull has-parallax\" style=\"background-image:url(https:\/\/academycad.com\/wp-content\/uploads\/2020\/02\/bg-01-free-img.jpg);min-height:780px;aspect-ratio:unset;\"><span aria-hidden=\"true\" class=\"has-ast-global-color-6-background-color has-background-dim-90 wp-block-cover__gradient-background has-background-dim\"><\/span><div class=\"wp-block-cover__inner-container is-layout-flow wp-block-cover-is-layout-flow\">\n<div class=\"wp-block-columns alignfull are-vertically-aligned-center is-layout-flex wp-container-core-columns-is-layout-28f84493 wp-block-columns-is-layout-flex\">\n<div class=\"wp-block-column is-vertically-aligned-center is-layout-flow wp-block-column-is-layout-flow\" style=\"flex-basis:65%\">\n<h6 class=\"has-white-color has-text-color wp-block-heading\">ENTRENAMIENTO EN LINEA Y A DISTANCIA DE APLICACIONES AUTODESK \u00ae<\/h6>\n\n\n\n<h1 class=\"has-white-color has-text-color wp-block-heading\">Conozca, Aplique y Desarrolle<\/h1>\n\n\n\n<p class=\"has-white-color has-text-color has-medium-font-size\">Capacitaci\u00f3n Personalizada y Altamente Especializada en Aplicaciones BIM CAD CAM CAE Autodesk\u00ae.<\/p>\n\n\n\n<p><\/p>\n\n\n\n<div class=\"wp-block-buttons is-layout-flex wp-block-buttons-is-layout-flex\">\n<div class=\"wp-block-button\"><a class=\"wp-block-button__link\" href=\"index.php\/contact\/\">comenzar ya<\/a><\/div>\n\n\n\n<div class=\"wp-block-button is-style-fill\"><a class=\"wp-block-button__link\" href=\"index.php\/all-courses\/\">todos los cursos<\/a><\/div>\n<\/div>\n\n\n\n<p><\/p>\n<\/div>\n\n\n\n<div class=\"wp-block-column is-vertically-aligned-center is-layout-flow wp-block-column-is-layout-flow\"><\/div>\n<\/div>\n<\/div><\/div>\n\n\n\n<div class=\"wp-block-group alignfull is-layout-flow wp-block-group-is-layout-flow\">\n<div class=\"wp-block-columns alignwide are-vertically-aligned-center is-layout-flex wp-container-core-columns-is-layout-28f84493 wp-block-columns-is-layout-flex\">\n<div class=\"wp-block-column is-vertically-aligned-center is-layout-flow wp-block-column-is-layout-flow\">\n<h2 class=\"wp-block-heading\"><strong>Tecnolog\u00edas que<br>Aprender\u00e1<\/strong><\/h2>\n<\/div>\n\n\n\n<div class=\"wp-block-column is-vertically-aligned-center is-layout-flow wp-block-column-is-layout-flow\">\n<figure class=\"wp-block-gallery aligncenter has-nested-images columns-5 wp-block-gallery-1 is-layout-flex wp-block-gallery-is-layout-flex\">\n<figure class=\"wp-block-image size-full is-style-default\"><img loading=\"lazy\" decoding=\"async\" width=\"78\" height=\"64\" data-id=\"25911\" src=\"https:\/\/academycad.com\/wp-content\/uploads\/2022\/04\/acad.png\" alt=\"\" class=\"wp-image-25911\"\/><figcaption>AutoCAD<\/figcaption><\/figure>\n\n\n\n<figure class=\"wp-block-image size-full\"><img loading=\"lazy\" decoding=\"async\" width=\"74\" height=\"65\" data-id=\"25912\" src=\"https:\/\/academycad.com\/wp-content\/uploads\/2022\/04\/Rvt.png\" alt=\"\" class=\"wp-image-25912\"\/><figcaption>Revit<\/figcaption><\/figure>\n\n\n\n<figure class=\"wp-block-image size-full\"><img loading=\"lazy\" decoding=\"async\" width=\"76\" height=\"65\" data-id=\"25914\" src=\"https:\/\/academycad.com\/wp-content\/uploads\/2022\/04\/Inv.png\" alt=\"\" class=\"wp-image-25914\"\/><figcaption>Inventor<\/figcaption><\/figure>\n\n\n\n<figure class=\"wp-block-image size-full\"><img loading=\"lazy\" decoding=\"async\" width=\"71\" height=\"64\" data-id=\"25915\" src=\"https:\/\/academycad.com\/wp-content\/uploads\/2022\/04\/Nwx.png\" alt=\"\" class=\"wp-image-25915\"\/><figcaption>Navisworks<\/figcaption><\/figure>\n\n\n\n<figure class=\"wp-block-image size-full\"><img loading=\"lazy\" decoding=\"async\" width=\"74\" height=\"65\" data-id=\"25916\" src=\"https:\/\/academycad.com\/wp-content\/uploads\/2022\/04\/Fusion.png\" alt=\"\" class=\"wp-image-25916\"\/><figcaption>Fusion360<\/figcaption><\/figure>\n<\/figure>\n\n\n\n<p><\/p>\n<\/div>\n<\/div>\n<\/div>\n\n\n\n<div class=\"wp-block-group alignfull is-layout-flow wp-block-group-is-layout-flow\">\n<div class=\"wp-block-columns alignwide are-vertically-aligned-center is-layout-flex wp-container-core-columns-is-layout-28f84493 wp-block-columns-is-layout-flex\">\n<div class=\"wp-block-column is-vertically-aligned-center is-layout-flow wp-block-column-is-layout-flow\" style=\"flex-basis:40%\">\n<h6 class=\"wp-block-heading\">Categor\u00edas Principales<\/h6>\n\n\n\n<figure class=\"wp-block-image size-full is-resized\"><img loading=\"lazy\" decoding=\"async\" src=\"https:\/\/academycad.com\/wp-content\/uploads\/2021\/10\/imagen.png\" alt=\"\" class=\"wp-image-25776\" width=\"296\" height=\"50\" srcset=\"https:\/\/academycad.com\/wp-content\/uploads\/2021\/10\/imagen.png 296w, https:\/\/academycad.com\/wp-content\/uploads\/2021\/10\/imagen-100x17.png 100w\" sizes=\"auto, (max-width: 296px) 100vw, 296px\" \/><\/figure>\n\n\n\n<h6 class=\"wp-block-heading\"><\/h6>\n\n\n\n<h2 class=\"wp-block-heading\">Cursos Destacados<\/h2>\n<\/div>\n\n\n\n<div class=\"wp-block-column is-vertically-aligned-center is-layout-flow wp-block-column-is-layout-flow\" style=\"flex-basis:35%\">\n<p>Contamos con un cat\u00e1logo de Cursos Especializados muy solicitados por nuestros clientes, entre los que destacan: AutoCAD\u00ae Autodesk Revit\u00ae Autodesk Inventor \u00ae<\/p>\n<\/div>\n\n\n\n<div class=\"wp-block-column is-vertically-aligned-center is-layout-flow wp-block-column-is-layout-flow\" style=\"flex-basis:25%\">\n<div class=\"wp-block-buttons is-horizontal is-content-justification-right is-layout-flex wp-container-core-buttons-is-layout-30af2ff6 wp-block-buttons-is-layout-flex\">\n<div class=\"wp-block-button\"><a class=\"wp-block-button__link\" href=\"#\">TODOS LOS CURSOS<\/a><\/div>\n<\/div>\n<\/div>\n<\/div>\n\n\n\n<p><\/p>\n\n\n\n<figure class=\"wp-block-embed is-type-video is-provider-vimeo wp-block-embed-vimeo wp-embed-aspect-16-9 wp-has-aspect-ratio\"><div class=\"wp-block-embed__wrapper\">\n<iframe loading=\"lazy\" src=\"https:\/\/player.vimeo.com\/video\/638792364?dnt=1&amp;app_id=122963\" width=\"500\" height=\"281\" frameborder=\"0\" allow=\"autoplay; fullscreen; picture-in-picture; clipboard-write\"><\/iframe>\n<\/div><figcaption>Diferencias entre Habitaciones y Espacios en Revit<\/figcaption><\/figure>\n<\/div>\n\n\n\n<div class=\"wp-block-cover alignfull has-parallax\" style=\"background-image:url(https:\/\/academycad.com\/wp-content\/uploads\/2020\/10\/background1.jpg);min-height:500px;aspect-ratio:unset;\"><span aria-hidden=\"true\" class=\"has-ast-global-color-6-background-color has-background-dim-90 wp-block-cover__gradient-background has-background-dim\"><\/span><div class=\"wp-block-cover__inner-container is-layout-flow wp-block-cover-is-layout-flow\">\n<div class=\"wp-block-columns are-vertically-aligned-center is-layout-flex wp-container-core-columns-is-layout-28f84493 wp-block-columns-is-layout-flex\">\n<div class=\"wp-block-column is-vertically-aligned-center is-layout-flow wp-block-column-is-layout-flow\">\n<h6 class=\"has-ast-global-color-0-color has-text-color wp-block-heading\">01.<\/h6>\n\n\n\n<h4 class=\"has-white-color has-text-color wp-block-heading\">Capacitaci\u00f3n<\/h4>\n\n\n\n<p class=\"has-white-color has-text-color\">En el uso de tecnolog\u00edas digitales, el conocimiento es la diferencia entre \u00c9xito y Fracaso. Nuestros entrenamientos est\u00e1n enfocados en hacerlo exitoso.<\/p>\n<\/div>\n\n\n\n<div class=\"wp-block-column is-vertically-aligned-center is-layout-flow wp-block-column-is-layout-flow\">\n<h6 class=\"has-ast-global-color-0-color has-text-color wp-block-heading\">02.<\/h6>\n\n\n\n<h4 class=\"has-white-color has-text-color wp-block-heading\">Licenciamiento<\/h4>\n\n\n\n<p class=\"has-white-color has-text-color\">Obtenga el mayor beneficio al adquirir un licenciamiento anual o multianual Autodesk\u00ae mant\u00e9ngase actualizado y sea m\u00e1s competitivo.<\/p>\n<\/div>\n\n\n\n<div class=\"wp-block-column is-vertically-aligned-center is-layout-flow wp-block-column-is-layout-flow\">\n<h6 class=\"has-ast-global-color-0-color has-text-color wp-block-heading\">03.<\/h6>\n\n\n\n<h4 class=\"has-white-color has-text-color wp-block-heading\">Certificaci\u00f3n<\/h4>\n\n\n\n<p class=\"has-white-color has-text-color\">Lo preparamos para que presente su examen de Certificaci\u00f3n Profesional&nbsp; Autodesk\u00ae y sus conocimientos sean reconocidos internacionalmente.<\/p>\n<\/div>\n\n\n\n<div class=\"wp-block-column is-vertically-aligned-center is-layout-flow wp-block-column-is-layout-flow\">\n<div class=\"wp-block-group has-white-background-color has-background is-layout-flow wp-block-group-is-layout-flow\">\n<h6 class=\"has-ast-global-color-6-color has-text-color wp-block-heading\">Estudie a su ritmo<\/h6>\n\n\n\n<h5 class=\"has-ast-global-color-2-color has-text-color wp-block-heading\">Lo preparamos para que presente su examen de Certificaci\u00f3n Profesional&nbsp; Autodesk\u00ae y sus conocimientos sean reconocidos internacionalmente.<\/h5>\n\n\n\n<div class=\"wp-block-buttons is-layout-flex wp-block-buttons-is-layout-flex\">\n<div class=\"wp-block-button\"><a class=\"wp-block-button__link\" href=\"https:\/\/academycad.com\/index.php\/contact\/\">COMIENZar ya<\/a><\/div>\n<\/div>\n<\/div>\n<\/div>\n<\/div>\n<\/div><\/div>\n\n\n\n<div class=\"wp-block-group alignfull is-layout-flow wp-block-group-is-layout-flow\">\n<div class=\"wp-block-columns are-vertically-aligned-center is-layout-flex wp-container-core-columns-is-layout-28f84493 wp-block-columns-is-layout-flex\">\n<div class=\"wp-block-column is-vertically-aligned-center is-layout-flow wp-block-column-is-layout-flow\">\n<h6 class=\"wp-block-heading\">Caracter\u00edsticas de Nuestros Cursos<\/h6>\n\n\n\n<h2 class=\"wp-block-heading\"><strong>\u00bfPor qu\u00e9 Elegirnos?<\/strong><\/h2>\n\n\n\n<p>Contamos con 25 a\u00f1os de experiencia en la Impartici\u00f3n de Cursos de Capacitaci\u00f3n de Aplicaciones Autodesk\u00ae y 12 a\u00f1os impartiendo Capacitaci\u00f3n en l\u00ednea y a distancia.<\/p>\n<\/div>\n\n\n\n<div class=\"wp-block-column is-vertically-aligned-center is-layout-flow wp-block-column-is-layout-flow\">\n<div class=\"wp-block-group is-layout-flow wp-block-group-is-layout-flow\">\n<div class=\"wp-block-group is-layout-flow wp-block-group-is-layout-flow\">\n<h5 class=\"wp-block-heading\"><strong>#1. Los mejores Instructores<\/strong><\/h5>\n\n\n\n<p>Nuestros Instructores cuentan con las Certificaciones: Autodesk Certified Evaluator y&nbsp; Autodesk Certified Instructor y habilidades pedag\u00f3gicas probadas<\/p>\n<\/div>\n\n\n\n<hr class=\"wp-block-separator is-style-wide\"\/>\n\n\n\n<div class=\"wp-block-group is-layout-flow wp-block-group-is-layout-flow\">\n<h5 class=\"wp-block-heading\"><strong>#2. Contenidos Personalizados<\/strong><\/h5>\n\n\n\n<p>Nuestros Cursos se desarrollan, personalizan&nbsp; y enfocan en necesidades puntuales de diversos sectores de la industria, tanto metalmec\u00e1nica como de la construcci\u00f3n en Espa\u00f1ol y Portugu\u00e9s.<\/p>\n<\/div>\n\n\n\n<hr class=\"wp-block-separator is-style-wide\"\/>\n\n\n\n<div class=\"wp-block-group is-layout-flow wp-block-group-is-layout-flow\">\n<h5 class=\"wp-block-heading\">#3. <strong>Experiencia Probada<\/strong><\/h5>\n\n\n\n<p>Hemos impartido m\u00e1s de 50 mil horas de entrenamiento personalizado a Empresas, Universidades y Dependencias de Gobierno de M\u00e9xico y Am\u00e9rica Latina.<\/p>\n<\/div>\n<\/div>\n<\/div>\n<\/div>\n<\/div>\n\n\n\n<div class=\"wp-block-group alignfull has-ast-global-color-5-background-color has-background is-layout-flow wp-block-group-is-layout-flow\">\n<div class=\"wp-block-columns are-vertically-aligned-center is-layout-flex wp-container-core-columns-is-layout-28f84493 wp-block-columns-is-layout-flex\">\n<div class=\"wp-block-column is-vertically-aligned-center is-layout-flow wp-block-column-is-layout-flow\">\n<h6 class=\"wp-block-heading\">Testimonios<\/h6>\n\n\n\n<h2 class=\"wp-block-heading\"><strong>Avalado por Miles de Estudiantes y Profesores<\/strong><\/h2>\n<\/div>\n\n\n\n<div class=\"wp-block-column is-vertically-aligned-center is-layout-flow wp-block-column-is-layout-flow\">\n<h2 class=\"has-text-align-center wp-block-heading\"><\/h2>\n\n\n\n<div class=\"wp-block-image\"><figure class=\"aligncenter size-large\"><img loading=\"lazy\" decoding=\"async\" width=\"105\" height=\"19\" src=\"https:\/\/academycad.com\/wp-content\/uploads\/2020\/10\/5stars-free-img.png\" alt=\"\" class=\"wp-image-798\"\/><\/figure><\/div>\n\n\n\n<h6 class=\"has-text-align-center wp-block-heading\"><\/h6>\n\n\n\n<h6 class=\"has-text-align-center wp-block-heading\"><\/h6>\n\n\n\n<p><\/p>\n<\/div>\n<\/div>\n\n\n\n<p><\/p>\n\n\n\n<div class=\"wp-block-columns is-layout-flex wp-container-core-columns-is-layout-28f84493 wp-block-columns-is-layout-flex\">\n<div class=\"wp-block-column is-layout-flow wp-block-column-is-layout-flow\">\n<div class=\"wp-block-group has-white-background-color has-background is-layout-flow wp-block-group-is-layout-flow\">\n<p>\u201cDesde el primer curso que tomamos con ACADEMYCAD supimos que est\u00e1bamos en manos expertas.\u201d<\/p>\n\n\n\n<p><strong>Samuel D\u00edaz &#8211; Spacio AI<\/strong><\/p>\n\n\n\n<figure class=\"wp-block-image size-large\"><img loading=\"lazy\" decoding=\"async\" width=\"105\" height=\"19\" src=\"https:\/\/academycad.com\/wp-content\/uploads\/2020\/10\/5stars-free-img.png\" alt=\"\" class=\"wp-image-798\"\/><\/figure>\n<\/div>\n<\/div>\n\n\n\n<div class=\"wp-block-column is-layout-flow wp-block-column-is-layout-flow\">\n<div class=\"wp-block-group has-white-background-color has-background is-layout-flow wp-block-group-is-layout-flow\">\n<p>\u201cDesde hace 25 a\u00f1os me he capacitado en aplicaciones Autodesk con ACADEMYCAD, siempre sus contenidos e Instructores son de 1\u00aa, muy atentos, capacitados y dispuestos a resolver nuestras dudas\u201d<\/p>\n\n\n\n<p><strong><strong>Francisco J. Mu\u00f1iz \u2013 Manufacturas Pegaso<\/strong><\/strong><\/p>\n\n\n\n<figure class=\"wp-block-image size-large\"><img loading=\"lazy\" decoding=\"async\" width=\"105\" height=\"19\" src=\"https:\/\/academycad.com\/wp-content\/uploads\/2020\/10\/5stars-free-img.png\" alt=\"\" class=\"wp-image-798\"\/><\/figure>\n<\/div>\n<\/div>\n<\/div>\n\n\n\n<div class=\"wp-block-columns is-layout-flex wp-container-core-columns-is-layout-28f84493 wp-block-columns-is-layout-flex\">\n<div class=\"wp-block-column is-layout-flow wp-block-column-is-layout-flow\">\n<div class=\"wp-block-group has-white-background-color has-background is-layout-flow wp-block-group-is-layout-flow\">\n<p>\u201cHace m\u00e1s de 15 a\u00f1os que tomamos cursos con ACADEMYCAD y los resultados siempre superan las expectativas\u201d<\/p>\n\n\n\n<p><strong>Daniel Rodr\u00edguez &#8211; Consultor<\/strong> CAM<\/p>\n\n\n\n<figure class=\"wp-block-image size-large\"><img loading=\"lazy\" decoding=\"async\" width=\"105\" height=\"19\" src=\"https:\/\/academycad.com\/wp-content\/uploads\/2020\/10\/5stars-free-img.png\" alt=\"\" class=\"wp-image-798\"\/><\/figure>\n<\/div>\n<\/div>\n\n\n\n<div class=\"wp-block-column is-layout-flow wp-block-column-is-layout-flow\">\n<div class=\"wp-block-group has-white-background-color has-background is-layout-flow wp-block-group-is-layout-flow\">\n<p>\u201cCon ACADEMYCAD, me mantengo actualizado desde hace mas de 17 a\u00f1os en conocimientos y en los mejores flujos de trabajo de las aplicaciones Autodesk\u201d<\/p>\n\n\n\n<p><strong><strong>Fernando Arcos \u2013 bett construcciones<\/strong><\/strong><\/p>\n\n\n\n<figure class=\"wp-block-image size-large\"><img loading=\"lazy\" decoding=\"async\" width=\"105\" height=\"19\" src=\"https:\/\/academycad.com\/wp-content\/uploads\/2020\/10\/5stars-free-img.png\" alt=\"\" class=\"wp-image-798\"\/><\/figure>\n<\/div>\n<\/div>\n<\/div>\n<\/div>\n\n\n\n<div class=\"wp-block-group alignfull has-ast-global-color-5-background-color has-background is-layout-flow wp-block-group-is-layout-flow\">\n<h2 class=\"has-text-align-center wp-block-heading\"><strong>\u00danase a Nuestra Comunidad<\/strong><\/h2>\n\n\n\n<p class=\"has-text-align-center\">Env\u00ede sus dudas y preguntas a <a href=\"mailto:contacto@academicad.com\">contacto@academycad.com<\/a> y con gusto resolveremos sus dudas.<\/p>\n\n\n\n<div class=\"wp-block-buttons is-content-justification-center is-layout-flex wp-block-buttons-is-layout-flex\">\n<div class=\"wp-block-button\"><a class=\"wp-block-button__link\" href=\"https:\/\/academycad.com\/index.php\/contact\/\">CONT\u00c1CTENOS<\/a><\/div>\n<\/div>\n<\/div>\n","protected":false},"excerpt":{"rendered":"<p>Tecnolog\u00edas queAprender\u00e1 Categor\u00edas Principales Cursos Destacados Contamos con un cat\u00e1logo de Cursos Especializados muy solicitados por nuestros clientes, entre los que destacan: AutoCAD\u00ae Autodesk Revit\u00ae Autodesk Inventor \u00ae Caracter\u00edsticas de Nuestros Cursos \u00bfPor qu\u00e9 Elegirnos? Contamos con 25 a\u00f1os de experiencia en la Impartici\u00f3n de Cursos de Capacitaci\u00f3n de Aplicaciones Autodesk\u00ae y 12 a\u00f1os impartiendo [&hellip;]<\/p>\n","protected":false},"author":1,"featured_media":0,"parent":0,"menu_order":0,"comment_status":"closed","ping_status":"closed","template":"","meta":{"site-sidebar-layout":"no-sidebar","site-content-layout":"plain-container","ast-site-content-layout":"default","site-content-style":"default","site-sidebar-style":"default","ast-global-header-display":"","ast-banner-title-visibility":"","ast-main-header-display":"","ast-hfb-above-header-display":"","ast-hfb-below-header-display":"","ast-hfb-mobile-header-display":"","site-post-title":"disabled","ast-breadcrumbs-content":"","ast-featured-img":"disabled","footer-sml-layout":"","ast-disable-related-posts":"","theme-transparent-header-meta":"enabled","adv-header-id-meta":"","stick-header-meta":"","header-above-stick-meta":"","header-main-stick-meta":"","header-below-stick-meta":"","astra-migrate-meta-layouts":"default","ast-page-background-enabled":"default","ast-page-background-meta":{"desktop":{"background-color":"","background-image":"","background-repeat":"repeat","background-position":"center center","background-size":"auto","background-attachment":"scroll","background-type":"","background-media":"","overlay-type":"","overlay-color":"","overlay-opacity":"","overlay-gradient":""},"tablet":{"background-color":"","background-image":"","background-repeat":"repeat","background-position":"center center","background-size":"auto","background-attachment":"scroll","background-type":"","background-media":"","overlay-type":"","overlay-color":"","overlay-opacity":"","overlay-gradient":""},"mobile":{"background-color":"","background-image":"","background-repeat":"repeat","background-position":"center center","background-size":"auto","background-attachment":"scroll","background-type":"","background-media":"","overlay-type":"","overlay-color":"","overlay-opacity":"","overlay-gradient":""}},"ast-content-background-meta":{"desktop":{"background-color":"var(--ast-global-color-5)","background-image":"","background-repeat":"repeat","background-position":"center center","background-size":"auto","background-attachment":"scroll","background-type":"","background-media":"","overlay-type":"","overlay-color":"","overlay-opacity":"","overlay-gradient":""},"tablet":{"background-color":"var(--ast-global-color-5)","background-image":"","background-repeat":"repeat","background-position":"center center","background-size":"auto","background-attachment":"scroll","background-type":"","background-media":"","overlay-type":"","overlay-color":"","overlay-opacity":"","overlay-gradient":""},"mobile":{"background-color":"var(--ast-global-color-5)","background-image":"","background-repeat":"repeat","background-position":"center center","background-size":"auto","background-attachment":"scroll","background-type":"","background-media":"","overlay-type":"","overlay-color":"","overlay-opacity":"","overlay-gradient":""}},"footnotes":""},"class_list":["post-10","page","type-page","status-publish","hentry"],"_links":{"self":[{"href":"https:\/\/academycad.com\/index.php\/wp-json\/wp\/v2\/pages\/10","targetHints":{"allow":["GET"]}}],"collection":[{"href":"https:\/\/academycad.com\/index.php\/wp-json\/wp\/v2\/pages"}],"about":[{"href":"https:\/\/academycad.com\/index.php\/wp-json\/wp\/v2\/types\/page"}],"author":[{"embeddable":true,"href":"https:\/\/academycad.com\/index.php\/wp-json\/wp\/v2\/users\/1"}],"replies":[{"embeddable":true,"href":"https:\/\/academycad.com\/index.php\/wp-json\/wp\/v2\/comments?post=10"}],"version-history":[{"count":30,"href":"https:\/\/academycad.com\/index.php\/wp-json\/wp\/v2\/pages\/10\/revisions"}],"predecessor-version":[{"id":25917,"href":"https:\/\/academycad.com\/index.php\/wp-json\/wp\/v2\/pages\/10\/revisions\/25917"}],"wp:attachment":[{"href":"https:\/\/academycad.com\/index.php\/wp-json\/wp\/v2\/media?parent=10"}],"curies":[{"name":"wp","href":"https:\/\/api.w.org\/{rel}","templated":true}]}}