{"id":12,"date":"2020-10-22T10:00:05","date_gmt":"2020-10-22T10:00:05","guid":{"rendered":"https:\/\/academycad.com\/index.php\/about-us\/"},"modified":"2021-10-20T01:55:01","modified_gmt":"2021-10-20T01:55:01","slug":"about-us","status":"publish","type":"page","link":"https:\/\/academycad.com\/index.php\/about-us\/","title":{"rendered":"Acerca de Nosotros"},"content":{"rendered":"\n<div class=\"wp-block-cover alignfull has-background-dim-80 has-ast-global-color-6-background-color has-background-dim\" style=\"min-height:480px;aspect-ratio:unset;\"><img loading=\"lazy\" decoding=\"async\" width=\"1920\" height=\"700\" class=\"wp-block-cover__image-background wp-image-169\" alt=\"\" src=\"https:\/\/academycad.com\/wp-content\/uploads\/2020\/02\/bg-07-free-img.jpg\" data-object-fit=\"cover\" srcset=\"https:\/\/academycad.com\/wp-content\/uploads\/2020\/02\/bg-07-free-img.jpg 1920w, https:\/\/academycad.com\/wp-content\/uploads\/2020\/02\/bg-07-free-img-300x109.jpg 300w, https:\/\/academycad.com\/wp-content\/uploads\/2020\/02\/bg-07-free-img-1024x373.jpg 1024w, https:\/\/academycad.com\/wp-content\/uploads\/2020\/02\/bg-07-free-img-768x280.jpg 768w, https:\/\/academycad.com\/wp-content\/uploads\/2020\/02\/bg-07-free-img-1536x560.jpg 1536w\" sizes=\"auto, (max-width: 1920px) 100vw, 1920px\" \/><div class=\"wp-block-cover__inner-container is-layout-flow wp-block-cover-is-layout-flow\">\n<p><\/p>\n\n\n\n<h1 class=\"has-white-color has-text-color wp-block-heading\">Nosotros<\/h1>\n\n\n\n<p>ACADEMYCAD, los Especialistas en Capacitaci\u00f3n Profesional Autodesk en l\u00ednea y a distancia, con los m\u00e1s altos est\u00e1ndares de Calidad y Efectividad.<\/p>\n\n\n\n<p>\u201cConozca, Aplique y Desarrolle\u201d<\/p>\n<\/div><\/div>\n\n\n\n<div class=\"wp-block-group alignfull is-layout-flow wp-block-group-is-layout-flow\">\n<div class=\"wp-block-columns are-vertically-aligned-center is-layout-flex wp-container-core-columns-is-layout-28f84493 wp-block-columns-is-layout-flex\">\n<div class=\"wp-block-column is-vertically-aligned-center is-layout-flow wp-block-column-is-layout-flow\" style=\"flex-basis:33.33%\">\n<h2 class=\"wp-block-heading\">ACADEMYCAD<\/h2>\n<\/div>\n\n\n\n<div class=\"wp-block-column is-vertically-aligned-center is-layout-flow wp-block-column-is-layout-flow\" style=\"flex-basis:66.66%\">\n<p> ACADEMYCAD, los Especialistas en Capacitaci\u00f3n Profesional Autodesk en l\u00ednea y a distancia, con los m\u00e1s altos est\u00e1ndares de Calidad y Efectividad. <\/p>\n<\/div>\n<\/div>\n<\/div>\n\n\n\n<div class=\"wp-block-group alignfull has-ast-global-color-5-background-color has-background is-layout-flow wp-block-group-is-layout-flow\">\n<div class=\"wp-block-media-text alignwide is-stacked-on-mobile\" style=\"grid-template-columns:56% auto\"><figure class=\"wp-block-media-text__media\"><img loading=\"lazy\" decoding=\"async\" width=\"1024\" height=\"630\" src=\"https:\/\/academycad.com\/wp-content\/uploads\/2021\/10\/Logo-AC-1-1024x630.jpg\" alt=\"\" class=\"wp-image-25851 size-full\" srcset=\"https:\/\/academycad.com\/wp-content\/uploads\/2021\/10\/Logo-AC-1-1024x630.jpg 1024w, https:\/\/academycad.com\/wp-content\/uploads\/2021\/10\/Logo-AC-1-300x185.jpg 300w, https:\/\/academycad.com\/wp-content\/uploads\/2021\/10\/Logo-AC-1-768x473.jpg 768w, https:\/\/academycad.com\/wp-content\/uploads\/2021\/10\/Logo-AC-1-100x62.jpg 100w, https:\/\/academycad.com\/wp-content\/uploads\/2021\/10\/Logo-AC-1-1536x945.jpg 1536w, https:\/\/academycad.com\/wp-content\/uploads\/2021\/10\/Logo-AC-1-2048x1260.jpg 2048w\" sizes=\"auto, (max-width: 1024px) 100vw, 1024px\" \/><\/figure><div class=\"wp-block-media-text__content\">\n<h3 class=\"wp-block-heading\">Misi\u00f3n<\/h3>\n\n\n\n<p class=\"has-medium-font-size\">Proveer a nuestros clientes, Capacitaci\u00f3n altamente especializada en productos Autodesk, la cual les ayuda a mejorar su desempe\u00f1o en el uso de las aplicaciones CAD CAM CAE BIM Autodesk, y con ello a ser m\u00e1s productivos y competitivos.<\/p>\n\n\n\n<h5 class=\"wp-block-heading\">Victor Leija<\/h5>\n\n\n\n<h6 class=\"wp-block-heading\">Fundador<\/h6>\n<\/div><\/div>\n<\/div>\n\n\n\n<div class=\"wp-block-group alignfull is-layout-flow wp-block-group-is-layout-flow\">\n<div class=\"wp-block-columns are-vertically-aligned-top is-layout-flex wp-container-core-columns-is-layout-28f84493 wp-block-columns-is-layout-flex\">\n<div class=\"wp-block-column is-vertically-aligned-top is-layout-flow wp-block-column-is-layout-flow\" style=\"flex-basis:33.33%\">\n<h6 class=\"wp-block-heading\">Nuestra Visi\u00f3n<\/h6>\n\n\n\n<h2 class=\"wp-block-heading\">Qui\u00e9nes somos<\/h2>\n<\/div>\n\n\n\n<div class=\"wp-block-column is-vertically-aligned-top is-layout-flow wp-block-column-is-layout-flow\" style=\"flex-basis:66.66%\">\n<h4 class=\"wp-block-heading\">&#8220;En el uso de tecnolog\u00edas digitales, el conocimiento es la diferencia entre \u00c9xito y Fracaso.&#8221;<\/h4>\n\n\n\n<p>El camino est\u00e1 maracado: Ser el Mejor y M\u00e1s reconocido Proveedor de Capacitaci\u00f3n de alta Especializaci\u00f3n en Aplicaciones CAD CAM CAE BIM en Am\u00e9rica Latina.<\/p>\n\n\n\n<p><\/p>\n<\/div>\n<\/div>\n<\/div>\n\n\n\n<div class=\"wp-block-cover alignfull has-background-dim-80 has-ast-global-color-4-background-color has-background-dim has-parallax\" style=\"background-image:url(https:\/\/academycad.com\/wp-content\/uploads\/2021\/10\/HPIM0272-scaled.jpg);min-height:350px;aspect-ratio:unset;\"><div class=\"wp-block-cover__inner-container is-layout-flow wp-block-cover-is-layout-flow\">\n<div class=\"wp-block-columns is-layout-flex wp-container-core-columns-is-layout-28f84493 wp-block-columns-is-layout-flex\">\n<div class=\"wp-block-column is-layout-flow wp-block-column-is-layout-flow\">\n<div class=\"wp-block-image\"><figure class=\"aligncenter size-large is-resized\"><img loading=\"lazy\" decoding=\"async\" src=\"https:\/\/academycad.com\/wp-content\/uploads\/2020\/10\/crown.png\" alt=\"\" class=\"wp-image-787\" width=\"45\" height=\"45\"\/><\/figure><\/div>\n\n\n\n<h4 class=\"has-text-align-center has-black-color has-text-color wp-block-heading\">Capac\u00edtese con los Mejores Instructores<\/h4>\n\n\n\n<p class=\"has-text-align-center has-text-color\" style=\"color:#22323d\">Si se trata de aprender la manera efectiva de utilizar las aplicaciones Autodesk, capac\u00edtese con nosotros, Experiencia y eficiencia probadas dentro y fuera de M\u00e9xico.<\/p>\n<\/div>\n\n\n\n<div class=\"wp-block-column is-layout-flow wp-block-column-is-layout-flow\">\n<div class=\"wp-block-image\"><figure class=\"aligncenter size-large is-resized\"><img loading=\"lazy\" decoding=\"async\" src=\"https:\/\/academycad.com\/wp-content\/uploads\/2020\/10\/iconv2.png\" alt=\"\" class=\"wp-image-786\" width=\"45\" height=\"45\"\/><\/figure><\/div>\n\n\n\n<h4 class=\"has-text-align-center has-black-color has-text-color wp-block-heading\">Aprenda a su Ritmo<\/h4>\n\n\n\n<p class=\"has-text-align-center has-text-color\" style=\"color:#22323d\">A veces el trabajo le deja poco tiempo libre, pero tiene la necesidad de mejorar sus habilidades en el software Autodesk. Con nuestros cursos en l\u00ednea podr\u00e1 aprender a su propio ritmo y en su tiempo disponible.<\/p>\n<\/div>\n\n\n\n<div class=\"wp-block-column is-layout-flow wp-block-column-is-layout-flow\">\n<div class=\"wp-block-image\"><figure class=\"aligncenter size-large is-resized\"><img loading=\"lazy\" decoding=\"async\" src=\"https:\/\/academycad.com\/wp-content\/uploads\/2020\/10\/badge.png\" alt=\"\" class=\"wp-image-788\" width=\"45\" height=\"45\"\/><\/figure><\/div>\n\n\n\n<h4 class=\"has-text-align-center has-black-color has-text-color wp-block-heading\">Certif\u00edquese<\/h4>\n\n\n\n<p class=\"has-text-align-center has-text-color\" style=\"color:#22323d\">Saber es muy importante, pero en esta era altamente competitiva, es necesario que sus conocimientos est\u00e9n validados y reconocidos, no solo localmente, sino a nivel mundial.<\/p>\n<\/div>\n<\/div>\n<\/div><\/div>\n\n\n\n<div class=\"wp-block-group alignfull has-ast-global-color-5-background-color has-background is-layout-flow wp-block-group-is-layout-flow\">\n<h2 class=\"has-text-align-center wp-block-heading\"><strong>\u00danase a Nuestra Comunidad<\/strong><\/h2>\n\n\n\n<p class=\"has-text-align-center\">Env\u00ede sus dudas y preguntas a <a href=\"mailto:contacto@academicad.com\">contacto@academycad.com<\/a> y con gusto resolveremos sus dudas.<\/p>\n\n\n\n<div class=\"wp-block-buttons is-content-justification-center is-layout-flex wp-block-buttons-is-layout-flex\">\n<div class=\"wp-block-button\"><a class=\"wp-block-button__link\" href=\"https:\/\/academycad.com\/index.php\/contact\/\">CONT\u00c1CTENOS<\/a><\/div>\n<\/div>\n<\/div>\n","protected":false},"excerpt":{"rendered":"<p>ACADEMYCAD ACADEMYCAD, los Especialistas en Capacitaci\u00f3n Profesional Autodesk en l\u00ednea y a distancia, con los m\u00e1s altos est\u00e1ndares de Calidad y Efectividad. Misi\u00f3n Proveer a nuestros clientes, Capacitaci\u00f3n altamente especializada en productos Autodesk, la cual les ayuda a mejorar su desempe\u00f1o en el uso de las aplicaciones CAD CAM CAE BIM Autodesk, y con ello [&hellip;]<\/p>\n","protected":false},"author":1,"featured_media":0,"parent":0,"menu_order":0,"comment_status":"closed","ping_status":"closed","template":"","meta":{"site-sidebar-layout":"no-sidebar","site-content-layout":"plain-container","ast-site-content-layout":"default","site-content-style":"default","site-sidebar-style":"default","ast-global-header-display":"","ast-banner-title-visibility":"","ast-main-header-display":"","ast-hfb-above-header-display":"","ast-hfb-below-header-display":"","ast-hfb-mobile-header-display":"","site-post-title":"disabled","ast-breadcrumbs-content":"disabled","ast-featured-img":"disabled","footer-sml-layout":"","ast-disable-related-posts":"","theme-transparent-header-meta":"enabled","adv-header-id-meta":"","stick-header-meta":"","header-above-stick-meta":"","header-main-stick-meta":"","header-below-stick-meta":"","astra-migrate-meta-layouts":"default","ast-page-background-enabled":"default","ast-page-background-meta":{"desktop":{"background-color":"","background-image":"","background-repeat":"repeat","background-position":"center center","background-size":"auto","background-attachment":"scroll","background-type":"","background-media":"","overlay-type":"","overlay-color":"","overlay-opacity":"","overlay-gradient":""},"tablet":{"background-color":"","background-image":"","background-repeat":"repeat","background-position":"center center","background-size":"auto","background-attachment":"scroll","background-type":"","background-media":"","overlay-type":"","overlay-color":"","overlay-opacity":"","overlay-gradient":""},"mobile":{"background-color":"","background-image":"","background-repeat":"repeat","background-position":"center center","background-size":"auto","background-attachment":"scroll","background-type":"","background-media":"","overlay-type":"","overlay-color":"","overlay-opacity":"","overlay-gradient":""}},"ast-content-background-meta":{"desktop":{"background-color":"var(--ast-global-color-5)","background-image":"","background-repeat":"repeat","background-position":"center center","background-size":"auto","background-attachment":"scroll","background-type":"","background-media":"","overlay-type":"","overlay-color":"","overlay-opacity":"","overlay-gradient":""},"tablet":{"background-color":"var(--ast-global-color-5)","background-image":"","background-repeat":"repeat","background-position":"center center","background-size":"auto","background-attachment":"scroll","background-type":"","background-media":"","overlay-type":"","overlay-color":"","overlay-opacity":"","overlay-gradient":""},"mobile":{"background-color":"var(--ast-global-color-5)","background-image":"","background-repeat":"repeat","background-position":"center center","background-size":"auto","background-attachment":"scroll","background-type":"","background-media":"","overlay-type":"","overlay-color":"","overlay-opacity":"","overlay-gradient":""}},"footnotes":""},"class_list":["post-12","page","type-page","status-publish","hentry"],"_links":{"self":[{"href":"https:\/\/academycad.com\/index.php\/wp-json\/wp\/v2\/pages\/12","targetHints":{"allow":["GET"]}}],"collection":[{"href":"https:\/\/academycad.com\/index.php\/wp-json\/wp\/v2\/pages"}],"about":[{"href":"https:\/\/academycad.com\/index.php\/wp-json\/wp\/v2\/types\/page"}],"author":[{"embeddable":true,"href":"https:\/\/academycad.com\/index.php\/wp-json\/wp\/v2\/users\/1"}],"replies":[{"embeddable":true,"href":"https:\/\/academycad.com\/index.php\/wp-json\/wp\/v2\/comments?post=12"}],"version-history":[{"count":7,"href":"https:\/\/academycad.com\/index.php\/wp-json\/wp\/v2\/pages\/12\/revisions"}],"predecessor-version":[{"id":25888,"href":"https:\/\/academycad.com\/index.php\/wp-json\/wp\/v2\/pages\/12\/revisions\/25888"}],"wp:attachment":[{"href":"https:\/\/academycad.com\/index.php\/wp-json\/wp\/v2\/media?parent=12"}],"curies":[{"name":"wp","href":"https:\/\/api.w.org\/{rel}","templated":true}]}}