{"id":14,"date":"2020-10-22T10:00:27","date_gmt":"2020-10-22T10:00:27","guid":{"rendered":"https:\/\/academycad.com\/index.php\/all-courses\/"},"modified":"2022-04-20T03:45:42","modified_gmt":"2022-04-20T03:45:42","slug":"all-courses","status":"publish","type":"page","link":"https:\/\/academycad.com\/index.php\/all-courses\/","title":{"rendered":"Cursos"},"content":{"rendered":"\n<div class=\"wp-block-cover alignfull\" style=\"min-height:480px;aspect-ratio:unset;\"><span aria-hidden=\"true\" class=\"has-ast-global-color-6-background-color has-background-dim-80 wp-block-cover__gradient-background has-background-dim\"><\/span><img loading=\"lazy\" decoding=\"async\" width=\"1920\" height=\"700\" class=\"wp-block-cover__image-background wp-image-170\" alt=\"\" src=\"https:\/\/academycad.com\/wp-content\/uploads\/2020\/02\/bg-08-free-img.jpg\" data-object-fit=\"cover\" srcset=\"https:\/\/academycad.com\/wp-content\/uploads\/2020\/02\/bg-08-free-img.jpg 1920w, https:\/\/academycad.com\/wp-content\/uploads\/2020\/02\/bg-08-free-img-300x109.jpg 300w, https:\/\/academycad.com\/wp-content\/uploads\/2020\/02\/bg-08-free-img-1024x373.jpg 1024w, https:\/\/academycad.com\/wp-content\/uploads\/2020\/02\/bg-08-free-img-768x280.jpg 768w, https:\/\/academycad.com\/wp-content\/uploads\/2020\/02\/bg-08-free-img-1536x560.jpg 1536w\" sizes=\"auto, (max-width: 1920px) 100vw, 1920px\" \/><div class=\"wp-block-cover__inner-container is-layout-flow wp-block-cover-is-layout-flow\">\n<h1 class=\"has-white-color has-text-color wp-block-heading\">Nuestros Cursos<\/h1>\n\n\n\n<p>Nos distinguimos porque no damos dos cursos iguales, cada uno es diferente, pues se enfoca en las necesidades de cada empresa o alumno<\/p>\n<\/div><\/div>\n\n\n\n<div class=\"wp-block-group alignfull is-layout-flow wp-block-group-is-layout-flow\">\n<div class=\"wp-block-columns are-vertically-aligned-center is-layout-flex wp-container-core-columns-is-layout-28f84493 wp-block-columns-is-layout-flex\">\n<div class=\"wp-block-column is-vertically-aligned-center is-layout-flow wp-block-column-is-layout-flow\" style=\"flex-basis:33.33%\">\n<h6 class=\"wp-block-heading\">Cursos Impartidos<\/h6>\n\n\n\n<h2 class=\"wp-block-heading\">Cursos Destacaddos<\/h2>\n<\/div>\n\n\n\n<div class=\"wp-block-column is-vertically-aligned-center is-layout-flow wp-block-column-is-layout-flow\" style=\"flex-basis:66.66%\">\n<p>Tenemos un cat\u00e1logo de cerca de 100 cursos diferentes, siendo los m\u00e1s destacados y solicitados por nuestros clientes, los siguientes.<\/p>\n<\/div>\n<\/div>\n<\/div>\n\n\n\n<div class=\"wp-block-group alignfull is-layout-flow wp-block-group-is-layout-flow\">\n<figure class=\"wp-block-image size-full is-style-default\"><img loading=\"lazy\" decoding=\"async\" width=\"657\" height=\"665\" src=\"https:\/\/academycad.com\/wp-content\/uploads\/2022\/04\/Adesk.png\" alt=\"\" class=\"wp-image-25918\" srcset=\"https:\/\/academycad.com\/wp-content\/uploads\/2022\/04\/Adesk.png 657w, https:\/\/academycad.com\/wp-content\/uploads\/2022\/04\/Adesk-296x300.png 296w, https:\/\/academycad.com\/wp-content\/uploads\/2022\/04\/Adesk-100x100.png 100w\" sizes=\"auto, (max-width: 657px) 100vw, 657px\" \/><\/figure>\n\n\n\n<ul class=\"wp-block-list\"><li><strong>AutoCAD Professional 2D\/3D<\/strong><\/li><li><strong>Autodesk Revit Dise\u00f1o Arquitect\u00f3nico<\/strong><\/li><li><strong>Autodesk Revit Proyectos Estructurales<\/strong><\/li><li><strong>Autodesk Revit Generaci\u00f3n de Instalaciones MEP<\/strong><\/li><li><strong>Autodesk Inventor Professional Modelado Param\u00e9trico Avanzado <\/strong><\/li><li><strong>Autodesk Inventor An\u00e1lisis y Simulaci\u00f3n<\/strong><\/li><li><strong>Autodesk Fusi\u00f3n 360 Dise\u00f1o Mec\u00e1nico sin l\u00edmites<\/strong><\/li><li><strong>Autodesk Navisworks Coordinaci\u00f3n y Entrega de Proyectos<\/strong><\/li><li><strong>Autodesk Docs Colaboraci\u00f3n en la Nube<\/strong><\/li><li><strong>Aut<\/strong>o<strong>desk Plant 3D Modelaci\u00f3n de Plantas Industriales<\/strong><\/li><li><strong>AutoCAD Electrical<\/strong><\/li><li><strong>AutoCAD Mechanical<\/strong><\/li><li><strong>Autodesk Advance Steel<\/strong><\/li><li><strong>y much\u00edsimos cursos m\u00e1s.<\/strong><\/li><\/ul>\n<\/div>\n\n\n\n<div class=\"wp-block-group alignfull has-ast-global-color-5-background-color has-background is-layout-flow wp-block-group-is-layout-flow\">\n<h2 class=\"has-text-align-center wp-block-heading\"><strong>\u00danase a Nuestra Comunidad<\/strong><\/h2>\n\n\n\n<p class=\"has-text-align-center\">Env\u00ede sus dudas y preguntas a <a href=\"mailto:contacto@academicad.com\">contacto@academycad.com<\/a> y con gusto resolveremos sus dudas.<\/p>\n\n\n\n<div class=\"wp-block-buttons is-content-justification-center is-layout-flex wp-block-buttons-is-layout-flex\">\n<div class=\"wp-block-button\"><a class=\"wp-block-button__link\" href=\"https:\/\/academycad.com\/index.php\/contact\/\">CONT\u00c1CTENOS<\/a><\/div>\n<\/div>\n<\/div>\n","protected":false},"excerpt":{"rendered":"<p>Cursos Impartidos Cursos Destacaddos Tenemos un cat\u00e1logo de cerca de 100 cursos diferentes, siendo los m\u00e1s destacados y solicitados por nuestros clientes, los siguientes. AutoCAD Professional 2D\/3D Autodesk Revit Dise\u00f1o Arquitect\u00f3nico Autodesk Revit Proyectos Estructurales Autodesk Revit Generaci\u00f3n de Instalaciones MEP Autodesk Inventor Professional Modelado Param\u00e9trico Avanzado Autodesk Inventor An\u00e1lisis y Simulaci\u00f3n Autodesk Fusi\u00f3n 360 [&hellip;]<\/p>\n","protected":false},"author":1,"featured_media":0,"parent":0,"menu_order":0,"comment_status":"closed","ping_status":"closed","template":"","meta":{"site-sidebar-layout":"no-sidebar","site-content-layout":"plain-container","ast-site-content-layout":"default","site-content-style":"default","site-sidebar-style":"default","ast-global-header-display":"","ast-banner-title-visibility":"","ast-main-header-display":"","ast-hfb-above-header-display":"","ast-hfb-below-header-display":"","ast-hfb-mobile-header-display":"","site-post-title":"disabled","ast-breadcrumbs-content":"disabled","ast-featured-img":"disabled","footer-sml-layout":"","ast-disable-related-posts":"","theme-transparent-header-meta":"enabled","adv-header-id-meta":"","stick-header-meta":"","header-above-stick-meta":"","header-main-stick-meta":"","header-below-stick-meta":"","astra-migrate-meta-layouts":"default","ast-page-background-enabled":"default","ast-page-background-meta":{"desktop":{"background-color":"","background-image":"","background-repeat":"repeat","background-position":"center center","background-size":"auto","background-attachment":"scroll","background-type":"","background-media":"","overlay-type":"","overlay-color":"","overlay-opacity":"","overlay-gradient":""},"tablet":{"background-color":"","background-image":"","background-repeat":"repeat","background-position":"center center","background-size":"auto","background-attachment":"scroll","background-type":"","background-media":"","overlay-type":"","overlay-color":"","overlay-opacity":"","overlay-gradient":""},"mobile":{"background-color":"","background-image":"","background-repeat":"repeat","background-position":"center center","background-size":"auto","background-attachment":"scroll","background-type":"","background-media":"","overlay-type":"","overlay-color":"","overlay-opacity":"","overlay-gradient":""}},"ast-content-background-meta":{"desktop":{"background-color":"var(--ast-global-color-5)","background-image":"","background-repeat":"repeat","background-position":"center center","background-size":"auto","background-attachment":"scroll","background-type":"","background-media":"","overlay-type":"","overlay-color":"","overlay-opacity":"","overlay-gradient":""},"tablet":{"background-color":"var(--ast-global-color-5)","background-image":"","background-repeat":"repeat","background-position":"center center","background-size":"auto","background-attachment":"scroll","background-type":"","background-media":"","overlay-type":"","overlay-color":"","overlay-opacity":"","overlay-gradient":""},"mobile":{"background-color":"var(--ast-global-color-5)","background-image":"","background-repeat":"repeat","background-position":"center center","background-size":"auto","background-attachment":"scroll","background-type":"","background-media":"","overlay-type":"","overlay-color":"","overlay-opacity":"","overlay-gradient":""}},"footnotes":""},"class_list":["post-14","page","type-page","status-publish","hentry"],"_links":{"self":[{"href":"https:\/\/academycad.com\/index.php\/wp-json\/wp\/v2\/pages\/14","targetHints":{"allow":["GET"]}}],"collection":[{"href":"https:\/\/academycad.com\/index.php\/wp-json\/wp\/v2\/pages"}],"about":[{"href":"https:\/\/academycad.com\/index.php\/wp-json\/wp\/v2\/types\/page"}],"author":[{"embeddable":true,"href":"https:\/\/academycad.com\/index.php\/wp-json\/wp\/v2\/users\/1"}],"replies":[{"embeddable":true,"href":"https:\/\/academycad.com\/index.php\/wp-json\/wp\/v2\/comments?post=14"}],"version-history":[{"count":6,"href":"https:\/\/academycad.com\/index.php\/wp-json\/wp\/v2\/pages\/14\/revisions"}],"predecessor-version":[{"id":25919,"href":"https:\/\/academycad.com\/index.php\/wp-json\/wp\/v2\/pages\/14\/revisions\/25919"}],"wp:attachment":[{"href":"https:\/\/academycad.com\/index.php\/wp-json\/wp\/v2\/media?parent=14"}],"curies":[{"name":"wp","href":"https:\/\/api.w.org\/{rel}","templated":true}]}}