{"id":18,"date":"2020-10-22T10:01:06","date_gmt":"2020-10-22T10:01:06","guid":{"rendered":"https:\/\/academycad.com\/index.php\/instructors\/"},"modified":"2021-10-19T04:05:22","modified_gmt":"2021-10-19T04:05:22","slug":"instructors","status":"publish","type":"page","link":"https:\/\/academycad.com\/index.php\/instructors\/","title":{"rendered":"Instructors"},"content":{"rendered":"\n<div class=\"wp-block-cover alignfull has-background-dim-80 has-ast-global-color-6-background-color has-background-dim\" style=\"min-height:480px;aspect-ratio:unset;\"><img loading=\"lazy\" decoding=\"async\" width=\"2560\" height=\"1920\" class=\"wp-block-cover__image-background wp-image-25761\" alt=\"\" src=\"https:\/\/academycad.com\/wp-content\/uploads\/2021\/10\/HPIM0046-scaled.jpg\" style=\"object-position:75% 69%\" data-object-fit=\"cover\" data-object-position=\"75% 69%\" srcset=\"https:\/\/academycad.com\/wp-content\/uploads\/2021\/10\/HPIM0046-scaled.jpg 2560w, https:\/\/academycad.com\/wp-content\/uploads\/2021\/10\/HPIM0046-300x225.jpg 300w, https:\/\/academycad.com\/wp-content\/uploads\/2021\/10\/HPIM0046-1024x768.jpg 1024w, https:\/\/academycad.com\/wp-content\/uploads\/2021\/10\/HPIM0046-768x576.jpg 768w, https:\/\/academycad.com\/wp-content\/uploads\/2021\/10\/HPIM0046-100x75.jpg 100w, https:\/\/academycad.com\/wp-content\/uploads\/2021\/10\/HPIM0046-1536x1152.jpg 1536w, https:\/\/academycad.com\/wp-content\/uploads\/2021\/10\/HPIM0046-2048x1536.jpg 2048w\" sizes=\"auto, (max-width: 2560px) 100vw, 2560px\" \/><div class=\"wp-block-cover__inner-container is-layout-flow wp-block-cover-is-layout-flow\">\n<h1 class=\"has-white-color has-text-color wp-block-heading\">Instructores<\/h1>\n\n\n\n<p>Tenemos la fortuna de contar en nuestra plantilla, con los Instructores m\u00e1s Expertos y Preparados del mercado.<\/p>\n<\/div><\/div>\n\n\n\n<div class=\"wp-block-group alignfull is-layout-flow wp-block-group-is-layout-flow\">\n<div class=\"wp-block-columns are-vertically-aligned-center is-layout-flex wp-container-core-columns-is-layout-28f84493 wp-block-columns-is-layout-flex\">\n<div class=\"wp-block-column is-vertically-aligned-center is-layout-flow wp-block-column-is-layout-flow\" style=\"flex-basis:33.33%\">\n<h6 class=\"wp-block-heading\">Instructores con Visi\u00f3n<\/h6>\n\n\n\n<h2 class=\"wp-block-heading\">Nuestros Instructores<\/h2>\n<\/div>\n\n\n\n<div class=\"wp-block-column is-vertically-aligned-center is-layout-flow wp-block-column-is-layout-flow\" style=\"flex-basis:66.66%\">\n<p>Todos nuestros Instructores cuentan con diversas Certificaciones Oficiales y Habilidades Comprobadas<\/p>\n<\/div>\n<\/div>\n\n\n\n<hr class=\"wp-block-separator is-style-wide\"\/>\n\n\n\n<div class=\"wp-block-columns is-layout-flex wp-container-core-columns-is-layout-28f84493 wp-block-columns-is-layout-flex\">\n<div class=\"wp-block-column is-layout-flow wp-block-column-is-layout-flow\">\n<figure class=\"wp-block-image alignfull size-full is-style-default\"><img loading=\"lazy\" decoding=\"async\" width=\"281\" height=\"281\" src=\"https:\/\/academycad.com\/wp-content\/uploads\/2021\/10\/ACPN.png\" alt=\"\" class=\"wp-image-25847\" srcset=\"https:\/\/academycad.com\/wp-content\/uploads\/2021\/10\/ACPN.png 281w, https:\/\/academycad.com\/wp-content\/uploads\/2021\/10\/ACPN-150x150.png 150w, https:\/\/academycad.com\/wp-content\/uploads\/2021\/10\/ACPN-100x100.png 100w\" sizes=\"auto, (max-width: 281px) 100vw, 281px\" \/><figcaption>Certificaciones Profesionales<\/figcaption><\/figure>\n\n\n\n<h6 class=\"wp-block-heading\">Autodesk Certified Professiona\u00f1<\/h6>\n\n\n\n<h4 class=\"wp-block-heading\">ACP<\/h4>\n\n\n\n<p>Garantiza que nuestros instructores tienen los suficientes conocimientos pr\u00e1cticos en el uso de las herramientas. AutoCAD, Inventor, Revit Fusion<\/p>\n\n\n\n<p><\/p>\n<\/div>\n\n\n\n<div class=\"wp-block-column is-layout-flow wp-block-column-is-layout-flow\">\n<figure class=\"wp-block-image alignfull size-full is-style-default\"><img loading=\"lazy\" decoding=\"async\" width=\"384\" height=\"288\" src=\"https:\/\/academycad.com\/wp-content\/uploads\/2021\/10\/ACI.webp\" alt=\"\" class=\"wp-image-25844\" srcset=\"https:\/\/academycad.com\/wp-content\/uploads\/2021\/10\/ACI.webp 384w, https:\/\/academycad.com\/wp-content\/uploads\/2021\/10\/ACI-300x225.webp 300w, https:\/\/academycad.com\/wp-content\/uploads\/2021\/10\/ACI-100x75.webp 100w\" sizes=\"auto, (max-width: 384px) 100vw, 384px\" \/><\/figure>\n\n\n\n<h6 class=\"wp-block-heading\">Autodesk Certified Instructor<\/h6>\n\n\n\n<h4 class=\"wp-block-heading\">ACI<\/h4>\n\n\n\n<p>Esta Certificaci\u00f3n Acredita que nuestros instructores dominan el uso del programa y tienen la probada habilidad pedag\u00f3gica para impartir entrenamiento de alta calidad. Para hacerse acreedor a esta certificaci\u00f3n.los instructores deben de pasar por un riguroso sistema de capacitaci\u00f3n, tanto en uso y aplicaci\u00f3n del programa, como en las habilidades docentes que les permitan hacer una transmisi\u00f3n de conocimientos eficiente.<\/p>\n\n\n\n<p><\/p>\n\n\n\n<p><\/p>\n<\/div>\n\n\n\n<div class=\"wp-block-column is-layout-flow wp-block-column-is-layout-flow\">\n<figure class=\"wp-block-image alignfull size-full is-style-default\"><img loading=\"lazy\" decoding=\"async\" width=\"300\" height=\"64\" src=\"https:\/\/academycad.com\/wp-content\/uploads\/2021\/10\/ACE1.jpg\" alt=\"\" class=\"wp-image-25848\" srcset=\"https:\/\/academycad.com\/wp-content\/uploads\/2021\/10\/ACE1.jpg 300w, https:\/\/academycad.com\/wp-content\/uploads\/2021\/10\/ACE1-100x21.jpg 100w\" sizes=\"auto, (max-width: 300px) 100vw, 300px\" \/><figcaption>Evaluador Certificado<\/figcaption><\/figure>\n\n\n\n<h6 class=\"wp-block-heading\">Autodesk Certified Evaluator<\/h6>\n\n\n\n<h4 class=\"wp-block-heading\">ACE<\/h4>\n\n\n\n<p>Es el m\u00e1ximo nivel de Certificaci\u00f3n que Autodesk ha expedido a Instructores Certificados Autodesk. Un Instructor con la Certificaci\u00f3n ACE es un Instructor de Instructores y aparte de contar con todas las habilidades de un Autodesk Certified Professional y un Autodesk Certified Instructor. Cuenta con aptitudes pedag\u00f3gicas y de dominio del software de M\u00e1ximo Nivel. Esta certificaci\u00f3n ya no se expide, por lo cual son menos de 50 en todo el mundo los que tienen el privilegio de tener esa certificaci\u00f3n. <\/p>\n\n\n\n<p><\/p>\n<\/div>\n<\/div>\n\n\n\n<p><\/p>\n<\/div>\n\n\n\n<div class=\"wp-block-group alignfull has-ast-global-color-5-background-color has-background is-layout-flow wp-block-group-is-layout-flow\">\n<h2 class=\"has-text-align-center wp-block-heading\"><strong>\u00danase a Nuestra Comunidad<\/strong><\/h2>\n\n\n\n<p class=\"has-text-align-center\">Env\u00ede sus dudas y preguntas a <a href=\"mailto:contacto@academicad.com\">contacto@academycad.com<\/a> y con gusto resolveremos sus dudas.<\/p>\n\n\n\n<div class=\"wp-block-buttons is-content-justification-center is-layout-flex wp-block-buttons-is-layout-flex\">\n<div class=\"wp-block-button\"><a class=\"wp-block-button__link\" href=\"https:\/\/academycad.com\/index.php\/contact\/\">CONT\u00c1CTENOS<\/a><\/div>\n<\/div>\n<\/div>\n","protected":false},"excerpt":{"rendered":"<p>Instructores con Visi\u00f3n Nuestros Instructores Todos nuestros Instructores cuentan con diversas Certificaciones Oficiales y Habilidades Comprobadas Autodesk Certified Professiona\u00f1 ACP Garantiza que nuestros instructores tienen los suficientes conocimientos pr\u00e1cticos en el uso de las herramientas. AutoCAD, Inventor, Revit Fusion Autodesk Certified Instructor ACI Esta Certificaci\u00f3n Acredita que nuestros instructores dominan el uso del programa y [&hellip;]<\/p>\n","protected":false},"author":1,"featured_media":0,"parent":0,"menu_order":0,"comment_status":"closed","ping_status":"closed","template":"","meta":{"site-sidebar-layout":"no-sidebar","site-content-layout":"plain-container","ast-site-content-layout":"default","site-content-style":"default","site-sidebar-style":"default","ast-global-header-display":"","ast-banner-title-visibility":"","ast-main-header-display":"","ast-hfb-above-header-display":"","ast-hfb-below-header-display":"","ast-hfb-mobile-header-display":"","site-post-title":"disabled","ast-breadcrumbs-content":"disabled","ast-featured-img":"disabled","footer-sml-layout":"","ast-disable-related-posts":"","theme-transparent-header-meta":"enabled","adv-header-id-meta":"","stick-header-meta":"","header-above-stick-meta":"","header-main-stick-meta":"","header-below-stick-meta":"","astra-migrate-meta-layouts":"default","ast-page-background-enabled":"default","ast-page-background-meta":{"desktop":{"background-color":"","background-image":"","background-repeat":"repeat","background-position":"center center","background-size":"auto","background-attachment":"scroll","background-type":"","background-media":"","overlay-type":"","overlay-color":"","overlay-opacity":"","overlay-gradient":""},"tablet":{"background-color":"","background-image":"","background-repeat":"repeat","background-position":"center center","background-size":"auto","background-attachment":"scroll","background-type":"","background-media":"","overlay-type":"","overlay-color":"","overlay-opacity":"","overlay-gradient":""},"mobile":{"background-color":"","background-image":"","background-repeat":"repeat","background-position":"center center","background-size":"auto","background-attachment":"scroll","background-type":"","background-media":"","overlay-type":"","overlay-color":"","overlay-opacity":"","overlay-gradient":""}},"ast-content-background-meta":{"desktop":{"background-color":"var(--ast-global-color-5)","background-image":"","background-repeat":"repeat","background-position":"center center","background-size":"auto","background-attachment":"scroll","background-type":"","background-media":"","overlay-type":"","overlay-color":"","overlay-opacity":"","overlay-gradient":""},"tablet":{"background-color":"var(--ast-global-color-5)","background-image":"","background-repeat":"repeat","background-position":"center center","background-size":"auto","background-attachment":"scroll","background-type":"","background-media":"","overlay-type":"","overlay-color":"","overlay-opacity":"","overlay-gradient":""},"mobile":{"background-color":"var(--ast-global-color-5)","background-image":"","background-repeat":"repeat","background-position":"center center","background-size":"auto","background-attachment":"scroll","background-type":"","background-media":"","overlay-type":"","overlay-color":"","overlay-opacity":"","overlay-gradient":""}},"footnotes":""},"class_list":["post-18","page","type-page","status-publish","hentry"],"_links":{"self":[{"href":"https:\/\/academycad.com\/index.php\/wp-json\/wp\/v2\/pages\/18","targetHints":{"allow":["GET"]}}],"collection":[{"href":"https:\/\/academycad.com\/index.php\/wp-json\/wp\/v2\/pages"}],"about":[{"href":"https:\/\/academycad.com\/index.php\/wp-json\/wp\/v2\/types\/page"}],"author":[{"embeddable":true,"href":"https:\/\/academycad.com\/index.php\/wp-json\/wp\/v2\/users\/1"}],"replies":[{"embeddable":true,"href":"https:\/\/academycad.com\/index.php\/wp-json\/wp\/v2\/comments?post=18"}],"version-history":[{"count":4,"href":"https:\/\/academycad.com\/index.php\/wp-json\/wp\/v2\/pages\/18\/revisions"}],"predecessor-version":[{"id":25849,"href":"https:\/\/academycad.com\/index.php\/wp-json\/wp\/v2\/pages\/18\/revisions\/25849"}],"wp:attachment":[{"href":"https:\/\/academycad.com\/index.php\/wp-json\/wp\/v2\/media?parent=18"}],"curies":[{"name":"wp","href":"https:\/\/api.w.org\/{rel}","templated":true}]}}